{"id":5007,"date":"2016-11-30T10:42:24","date_gmt":"2016-11-30T08:42:24","guid":{"rendered":"https:\/\/dkod.dk\/kunsthaandvaerker-designer\/"},"modified":"2024-03-21T16:16:24","modified_gmt":"2024-03-21T15:16:24","slug":"kunsthaandvaerker-designer","status":"publish","type":"page","link":"https:\/\/dkod.dk\/en\/kunsthaandvaerker-designer\/","title":{"rendered":"Find kunsth\u00e5ndv\u00e6rker \/ designer"},"content":{"rendered":"","protected":false},"excerpt":{"rendered":"","protected":false},"author":1,"featured_media":19880,"parent":0,"menu_order":0,"comment_status":"closed","ping_status":"closed","template":"archive-users.php","meta":{"_acf_changed":false,"footnotes":""},"class_list":["post-5007","page","type-page","status-publish","has-post-thumbnail","hentry"],"acf":[],"yoast_head":"<!-- This site is optimized with the Yoast SEO plugin v26.6 - https:\/\/yoast.com\/wordpress\/plugins\/seo\/ -->\n<title>Find professionelle kunsth\u00e5ndv\u00e6rkere og designere<\/title>\n<meta name=\"description\" content=\"S\u00f8g blandt DKoDs medlemmer og find professionelle kunsth\u00e5ndv\u00e6rkere og designere til udf\u00f8relse af udsmykningsopgaver, foredrag, kursusvirksomhed, industrisamarbejde eller se hvem, der tilbyder designwebshops, \u00e5bne v\u00e6rksteder og gallerier. DKoD har 500 professionelle medlemmer fordelt over hele landet. L\u00e6s mere her.\" \/>\n<meta name=\"robots\" content=\"index, follow, max-snippet:-1, max-image-preview:large, max-video-preview:-1\" \/>\n<link rel=\"canonical\" href=\"https:\/\/dkod.dk\/en\/kunsthaandvaerker-designer\/\" \/>\n<meta property=\"og:locale\" content=\"en_US\" \/>\n<meta property=\"og:type\" content=\"article\" \/>\n<meta property=\"og:title\" content=\"Find professionelle kunsth\u00e5ndv\u00e6rkere og designere\" \/>\n<meta property=\"og:description\" content=\"S\u00f8g blandt DKoDs medlemmer og find professionelle kunsth\u00e5ndv\u00e6rkere og designere til udf\u00f8relse af udsmykningsopgaver, foredrag, kursusvirksomhed, industrisamarbejde eller se hvem, der tilbyder designwebshops, \u00e5bne v\u00e6rksteder og gallerier. DKoD har 500 professionelle medlemmer fordelt over hele landet. L\u00e6s mere her.\" \/>\n<meta property=\"og:url\" content=\"https:\/\/dkod.dk\/en\/kunsthaandvaerker-designer\/\" \/>\n<meta property=\"og:site_name\" content=\"Danske Kunsth\u00e5ndv\u00e6rkere &amp; Designere\" \/>\n<meta property=\"article:modified_time\" content=\"2024-03-21T15:16:24+00:00\" \/>\n<meta property=\"og:image\" content=\"https:\/\/dkod.dk\/wp-content\/uploads\/2024\/03\/Skaermbillede-2024-03-21-kl.-15.54.19.png\" \/>\n\t<meta property=\"og:image:width\" content=\"1576\" \/>\n\t<meta property=\"og:image:height\" content=\"962\" \/>\n\t<meta property=\"og:image:type\" content=\"image\/png\" \/>\n<meta name=\"twitter:card\" content=\"summary_large_image\" \/>\n<script type=\"application\/ld+json\" class=\"yoast-schema-graph\">{\"@context\":\"https:\/\/schema.org\",\"@graph\":[{\"@type\":\"WebPage\",\"@id\":\"https:\/\/dkod.dk\/en\/kunsthaandvaerker-designer\/\",\"url\":\"https:\/\/dkod.dk\/en\/kunsthaandvaerker-designer\/\",\"name\":\"Find professionelle kunsth\u00e5ndv\u00e6rkere og designere\",\"isPartOf\":{\"@id\":\"https:\/\/dkod.dk\/#website\"},\"primaryImageOfPage\":{\"@id\":\"https:\/\/dkod.dk\/en\/kunsthaandvaerker-designer\/#primaryimage\"},\"image\":{\"@id\":\"https:\/\/dkod.dk\/en\/kunsthaandvaerker-designer\/#primaryimage\"},\"thumbnailUrl\":\"https:\/\/dkod.dk\/wp-content\/uploads\/2024\/03\/Skaermbillede-2024-03-21-kl.-15.54.19.png\",\"datePublished\":\"2016-11-30T08:42:24+00:00\",\"dateModified\":\"2024-03-21T15:16:24+00:00\",\"description\":\"S\u00f8g blandt DKoDs medlemmer og find professionelle kunsth\u00e5ndv\u00e6rkere og designere til udf\u00f8relse af udsmykningsopgaver, foredrag, kursusvirksomhed, industrisamarbejde eller se hvem, der tilbyder designwebshops, \u00e5bne v\u00e6rksteder og gallerier. DKoD har 500 professionelle medlemmer fordelt over hele landet. L\u00e6s mere her.\",\"breadcrumb\":{\"@id\":\"https:\/\/dkod.dk\/en\/kunsthaandvaerker-designer\/#breadcrumb\"},\"inLanguage\":\"en-US\",\"potentialAction\":[{\"@type\":\"ReadAction\",\"target\":[\"https:\/\/dkod.dk\/en\/kunsthaandvaerker-designer\/\"]}]},{\"@type\":\"ImageObject\",\"inLanguage\":\"en-US\",\"@id\":\"https:\/\/dkod.dk\/en\/kunsthaandvaerker-designer\/#primaryimage\",\"url\":\"https:\/\/dkod.dk\/wp-content\/uploads\/2024\/03\/Skaermbillede-2024-03-21-kl.-15.54.19.png\",\"contentUrl\":\"https:\/\/dkod.dk\/wp-content\/uploads\/2024\/03\/Skaermbillede-2024-03-21-kl.-15.54.19.png\",\"width\":1576,\"height\":962,\"caption\":\"Fra udstillingen SUPERPOSITION fotograferet af David Stjernholm\"},{\"@type\":\"BreadcrumbList\",\"@id\":\"https:\/\/dkod.dk\/en\/kunsthaandvaerker-designer\/#breadcrumb\",\"itemListElement\":[{\"@type\":\"ListItem\",\"position\":1,\"name\":\"Hjem\",\"item\":\"https:\/\/dkod.dk\/\"},{\"@type\":\"ListItem\",\"position\":2,\"name\":\"Find kunsth\u00e5ndv\u00e6rker \/ designer\"}]},{\"@type\":\"WebSite\",\"@id\":\"https:\/\/dkod.dk\/#website\",\"url\":\"https:\/\/dkod.dk\/\",\"name\":\"Danske Kunsth\u00e5ndv\u00e6rkere &amp; Designere\",\"description\":\"\",\"potentialAction\":[{\"@type\":\"SearchAction\",\"target\":{\"@type\":\"EntryPoint\",\"urlTemplate\":\"https:\/\/dkod.dk\/?s={search_term_string}\"},\"query-input\":{\"@type\":\"PropertyValueSpecification\",\"valueRequired\":true,\"valueName\":\"search_term_string\"}}],\"inLanguage\":\"en-US\"}]}<\/script>\n<!-- \/ Yoast SEO plugin. -->","yoast_head_json":{"title":"Find professionelle kunsth\u00e5ndv\u00e6rkere og designere","description":"S\u00f8g blandt DKoDs medlemmer og find professionelle kunsth\u00e5ndv\u00e6rkere og designere til udf\u00f8relse af udsmykningsopgaver, foredrag, kursusvirksomhed, industrisamarbejde eller se hvem, der tilbyder designwebshops, \u00e5bne v\u00e6rksteder og gallerier. DKoD har 500 professionelle medlemmer fordelt over hele landet. L\u00e6s mere her.","robots":{"index":"index","follow":"follow","max-snippet":"max-snippet:-1","max-image-preview":"max-image-preview:large","max-video-preview":"max-video-preview:-1"},"canonical":"https:\/\/dkod.dk\/en\/kunsthaandvaerker-designer\/","og_locale":"en_US","og_type":"article","og_title":"Find professionelle kunsth\u00e5ndv\u00e6rkere og designere","og_description":"S\u00f8g blandt DKoDs medlemmer og find professionelle kunsth\u00e5ndv\u00e6rkere og designere til udf\u00f8relse af udsmykningsopgaver, foredrag, kursusvirksomhed, industrisamarbejde eller se hvem, der tilbyder designwebshops, \u00e5bne v\u00e6rksteder og gallerier. DKoD har 500 professionelle medlemmer fordelt over hele landet. L\u00e6s mere her.","og_url":"https:\/\/dkod.dk\/en\/kunsthaandvaerker-designer\/","og_site_name":"Danske Kunsth\u00e5ndv\u00e6rkere &amp; Designere","article_modified_time":"2024-03-21T15:16:24+00:00","og_image":[{"width":1576,"height":962,"url":"https:\/\/dkod.dk\/wp-content\/uploads\/2024\/03\/Skaermbillede-2024-03-21-kl.-15.54.19.png","type":"image\/png"}],"twitter_card":"summary_large_image","schema":{"@context":"https:\/\/schema.org","@graph":[{"@type":"WebPage","@id":"https:\/\/dkod.dk\/en\/kunsthaandvaerker-designer\/","url":"https:\/\/dkod.dk\/en\/kunsthaandvaerker-designer\/","name":"Find professionelle kunsth\u00e5ndv\u00e6rkere og designere","isPartOf":{"@id":"https:\/\/dkod.dk\/#website"},"primaryImageOfPage":{"@id":"https:\/\/dkod.dk\/en\/kunsthaandvaerker-designer\/#primaryimage"},"image":{"@id":"https:\/\/dkod.dk\/en\/kunsthaandvaerker-designer\/#primaryimage"},"thumbnailUrl":"https:\/\/dkod.dk\/wp-content\/uploads\/2024\/03\/Skaermbillede-2024-03-21-kl.-15.54.19.png","datePublished":"2016-11-30T08:42:24+00:00","dateModified":"2024-03-21T15:16:24+00:00","description":"S\u00f8g blandt DKoDs medlemmer og find professionelle kunsth\u00e5ndv\u00e6rkere og designere til udf\u00f8relse af udsmykningsopgaver, foredrag, kursusvirksomhed, industrisamarbejde eller se hvem, der tilbyder designwebshops, \u00e5bne v\u00e6rksteder og gallerier. DKoD har 500 professionelle medlemmer fordelt over hele landet. L\u00e6s mere her.","breadcrumb":{"@id":"https:\/\/dkod.dk\/en\/kunsthaandvaerker-designer\/#breadcrumb"},"inLanguage":"en-US","potentialAction":[{"@type":"ReadAction","target":["https:\/\/dkod.dk\/en\/kunsthaandvaerker-designer\/"]}]},{"@type":"ImageObject","inLanguage":"en-US","@id":"https:\/\/dkod.dk\/en\/kunsthaandvaerker-designer\/#primaryimage","url":"https:\/\/dkod.dk\/wp-content\/uploads\/2024\/03\/Skaermbillede-2024-03-21-kl.-15.54.19.png","contentUrl":"https:\/\/dkod.dk\/wp-content\/uploads\/2024\/03\/Skaermbillede-2024-03-21-kl.-15.54.19.png","width":1576,"height":962,"caption":"Fra udstillingen SUPERPOSITION fotograferet af David Stjernholm"},{"@type":"BreadcrumbList","@id":"https:\/\/dkod.dk\/en\/kunsthaandvaerker-designer\/#breadcrumb","itemListElement":[{"@type":"ListItem","position":1,"name":"Hjem","item":"https:\/\/dkod.dk\/"},{"@type":"ListItem","position":2,"name":"Find kunsth\u00e5ndv\u00e6rker \/ designer"}]},{"@type":"WebSite","@id":"https:\/\/dkod.dk\/#website","url":"https:\/\/dkod.dk\/","name":"Danske Kunsth\u00e5ndv\u00e6rkere &amp; Designere","description":"","potentialAction":[{"@type":"SearchAction","target":{"@type":"EntryPoint","urlTemplate":"https:\/\/dkod.dk\/?s={search_term_string}"},"query-input":{"@type":"PropertyValueSpecification","valueRequired":true,"valueName":"search_term_string"}}],"inLanguage":"en-US"}]}},"_links":{"self":[{"href":"https:\/\/dkod.dk\/en\/wp-json\/wp\/v2\/pages\/5007","targetHints":{"allow":["GET"]}}],"collection":[{"href":"https:\/\/dkod.dk\/en\/wp-json\/wp\/v2\/pages"}],"about":[{"href":"https:\/\/dkod.dk\/en\/wp-json\/wp\/v2\/types\/page"}],"author":[{"embeddable":true,"href":"https:\/\/dkod.dk\/en\/wp-json\/wp\/v2\/users\/1"}],"replies":[{"embeddable":true,"href":"https:\/\/dkod.dk\/en\/wp-json\/wp\/v2\/comments?post=5007"}],"version-history":[{"count":0,"href":"https:\/\/dkod.dk\/en\/wp-json\/wp\/v2\/pages\/5007\/revisions"}],"wp:featuredmedia":[{"embeddable":true,"href":"https:\/\/dkod.dk\/en\/wp-json\/wp\/v2\/media\/19880"}],"wp:attachment":[{"href":"https:\/\/dkod.dk\/en\/wp-json\/wp\/v2\/media?parent=5007"}],"curies":[{"name":"wp","href":"https:\/\/api.w.org\/{rel}","templated":true}]}}